{"id":141,"date":"2023-09-12T17:33:03","date_gmt":"2023-09-12T15:33:03","guid":{"rendered":"https:\/\/lifecostadapta.finnova.eu\/?page_id=141"},"modified":"2025-11-10T09:26:37","modified_gmt":"2025-11-10T09:26:37","slug":"sobre-costadapta","status":"publish","type":"page","link":"https:\/\/costadapta.energiagrancanaria.com\/?page_id=141","title":{"rendered":"Sobre Costadapta"},"content":{"rendered":"\t\t<div data-elementor-type=\"wp-page\" data-elementor-id=\"141\" class=\"elementor elementor-141\" data-elementor-settings=\"{&quot;ha_cmc_init_switcher&quot;:&quot;no&quot;}\" data-elementor-post-type=\"page\">\n\t\t\t\t\t\t<section class=\"elementor-section elementor-top-section elementor-element elementor-element-ca8fc05 elementor-section-boxed elementor-section-height-default elementor-section-height-default\" data-id=\"ca8fc05\" data-element_type=\"section\" data-e-type=\"section\" data-settings=\"{&quot;background_background&quot;:&quot;classic&quot;,&quot;_ha_eqh_enable&quot;:false}\">\n\t\t\t\t\t\t<div class=\"elementor-container elementor-column-gap-default\">\n\t\t\t\t\t<div class=\"elementor-column elementor-col-100 elementor-top-column elementor-element elementor-element-829dd9c\" data-id=\"829dd9c\" data-element_type=\"column\" data-e-type=\"column\" data-settings=\"{&quot;background_background&quot;:&quot;classic&quot;}\">\n\t\t\t<div class=\"elementor-widget-wrap elementor-element-populated\">\n\t\t\t\t\t\t<div class=\"elementor-element elementor-element-c3100b3 elementor-headline--style-highlight elementor-widget elementor-widget-animated-headline\" data-id=\"c3100b3\" data-element_type=\"widget\" data-e-type=\"widget\" data-settings=\"{&quot;marker&quot;:&quot;curly&quot;,&quot;highlighted_text&quot;:&quot;COSTAdapta&quot;,&quot;headline_style&quot;:&quot;highlight&quot;,&quot;loop&quot;:&quot;yes&quot;,&quot;highlight_animation_duration&quot;:1200,&quot;highlight_iteration_delay&quot;:8000}\" data-widget_type=\"animated-headline.default\">\n\t\t\t\t<div class=\"elementor-widget-container\">\n\t\t\t\t\t\t\t<h3 class=\"elementor-headline\">\n\t\t\t\t\t<span class=\"elementor-headline-plain-text elementor-headline-text-wrapper\">Sobre<\/span>\n\t\t\t\t<span class=\"elementor-headline-dynamic-wrapper elementor-headline-text-wrapper\">\n\t\t\t\t\t<span class=\"elementor-headline-dynamic-text elementor-headline-text-active\">COSTAdapta<\/span>\n\t\t\t\t<\/span>\n\t\t\t\t<\/h3>\n\t\t\t\t\t\t<\/div>\n\t\t\t\t<\/div>\n\t\t\t\t\t<\/div>\n\t\t<\/div>\n\t\t\t\t\t<\/div>\n\t\t<\/section>\n\t\t\t\t<section class=\"elementor-section elementor-top-section elementor-element elementor-element-4b12950 elementor-section-boxed elementor-section-height-default elementor-section-height-default\" data-id=\"4b12950\" data-element_type=\"section\" data-e-type=\"section\" data-settings=\"{&quot;background_background&quot;:&quot;classic&quot;,&quot;_ha_eqh_enable&quot;:false}\">\n\t\t\t\t\t\t<div class=\"elementor-container elementor-column-gap-default\">\n\t\t\t\t\t<div class=\"elementor-column elementor-col-100 elementor-top-column elementor-element elementor-element-31368fb\" data-id=\"31368fb\" data-element_type=\"column\" data-e-type=\"column\">\n\t\t\t<div class=\"elementor-widget-wrap elementor-element-populated\">\n\t\t\t\t\t\t<div class=\"elementor-element elementor-element-6822844 elementor-widget elementor-widget-text-editor\" data-id=\"6822844\" data-element_type=\"widget\" data-e-type=\"widget\" data-widget_type=\"text-editor.default\">\n\t\t\t\t<div class=\"elementor-widget-container\">\n\t\t\t\t\t\t\t\t\t<p>El objetivo principal del proyecto LIFE COSTAdapta es abordar la adaptaci\u00f3n de la costa de Gran Canaria al aumento del nivel del mar mediante una metodolog\u00eda innovadora. Con este fin, el objetivo es dise\u00f1ar y ensayar un sistema innovador y progresivo de arrecife-charcos de marea (<strong><u>Tidal pool-reef)<\/u><\/strong>, que utilice, parcialmente, la t\u00e9cnica tradicional de construcci\u00f3n de charcos de marea, elementos comunes en las Islas Canarias y el resto de la Macaronesia, para la adaptaci\u00f3n costera de Gran Canaria al cambio clim\u00e1tico.<\/p><p>Las Islas Canarias se encuentran en una posici\u00f3n de alta vulnerabilidad frente a los impactos del cambio clim\u00e1tico, como ha se\u00f1alado el Grupo Intergubernamental de Expertos sobre el Cambio Clim\u00e1tico (IPCC), evidenciando un incremento significativo en los niveles del mar que afecta sus costas. Para hacer frente a este desaf\u00edo ambiental, el proyecto europeo LIFE COSTAdapta, desde un enfoque participativo y multidisciplinar, se dedica a fortalecer la resiliencia de las zonas costeras ante el aumento del nivel del mar, al mismo tiempo que fomenta la creaci\u00f3n de h\u00e1bitats caracter\u00edsticos de estas \u00e1reas.<\/p><p>LIFE COSTAdapta busca incrementar la protecci\u00f3n natural de la costa sin afectar a su uso local, tan arraigado en Canarias, y al mismo tiempo, busca contribuir a la conservaci\u00f3n de la econom\u00eda tur\u00edstica en la regi\u00f3n. De igual manera, el disfrute del sistema de arrecife-charcos favorece la sostenibilidad econ\u00f3mica local, que no solo brinda una soluci\u00f3n frente a posibles inundaciones, sino que tambi\u00e9n contribuye a mantener el uso social de la regi\u00f3n y favorece la estabilidad de la costa.\u00a0<\/p><p>Con una duraci\u00f3n de <strong>7 a\u00f1os<\/strong> y un presupuesto total de <strong>3,337,563 \u20ac<\/strong> (<strong>2,002,538 \u20ac<\/strong> subvencionados por la UE a trav\u00e9s del Programa LIFE), COSTAdapta es un proyecto coordinado por el <strong>Consejo Insular de Energ\u00eda de Gran Canaria (<\/strong><strong>CIEGC<\/strong><strong>)<\/strong> del <a href=\"https:\/\/cabildo.grancanaria.com\/\">Cabildo de Gran Canaria<\/a> con el apoyo de <strong>7 socios<\/strong>: Universidad de Las Palmas de Gran Canaria (ULPGC); Universidad de Cantabria (UC); INGECID, Investigaci\u00f3n y Desarrollo de Proyectos; Raley Estudios Costeros S.C.P.; ECOncrete AQUA; Fundaci\u00f3n Canaria para el Reciclaje y Desarrollo Sostenible (FCR) y Fundaci\u00f3n Finnova.<\/p>\t\t\t\t\t\t\t\t<\/div>\n\t\t\t\t<\/div>\n\t\t\t\t\t<\/div>\n\t\t<\/div>\n\t\t\t\t\t<\/div>\n\t\t<\/section>\n\t\t<div class=\"elementor-element elementor-element-cc5ef68 e-flex e-con-boxed e-con e-parent\" data-id=\"cc5ef68\" data-element_type=\"container\" data-e-type=\"container\" data-settings=\"{&quot;_ha_eqh_enable&quot;:false}\">\n\t\t\t\t\t<div class=\"e-con-inner\">\n\t\t\t\t<div class=\"elementor-element elementor-element-8468767 elementor-widget elementor-widget-heading\" data-id=\"8468767\" data-element_type=\"widget\" data-e-type=\"widget\" data-widget_type=\"heading.default\">\n\t\t\t\t<div class=\"elementor-widget-container\">\n\t\t\t\t\t<h2 class=\"elementor-heading-title elementor-size-default\">El terreno en im\u00e1genes<\/h2>\t\t\t\t<\/div>\n\t\t\t\t<\/div>\n\t\t\t\t<div class=\"elementor-element elementor-element-40da65e elementor-widget__width-inherit elementor-widget elementor-widget-ha-carousel happy-addon ha-carousel\" data-id=\"40da65e\" data-element_type=\"widget\" data-e-type=\"widget\" data-settings=\"{&quot;animation_speed&quot;:200,&quot;slides_to_show&quot;:&quot;1&quot;,&quot;navigation&quot;:&quot;arrow&quot;,&quot;slides_to_show_tablet&quot;:3,&quot;slides_to_show_mobile&quot;:2,&quot;slides_transition&quot;:&quot;slide&quot;}\" data-widget_type=\"ha-carousel.default\">\n\t\t\t\t<div class=\"elementor-widget-container\">\n\t\t\t\t\t\n\t\t<div data-ha_rcc_uid=\"\" class=\"hajs-slick ha-slick ha-slick--carousel\">\n\n\t\t\t\n\t\t\t\t<div class=\"ha-slick-slide slick-slide\">\n\t\t\t\t\t<div class=\"ha-slick-item\">\n\t\t\t\t\t\t\t\t\t\t\t\t\t<img decoding=\"async\" class=\"ha-slick-img\" src=\"https:\/\/costadapta.energiagrancanaria.com\/wp-content\/uploads\/2025\/06\/Diseminado-San-Felipe-8-1024x682.jpg\" alt=\"Playa San Felipe (Santa Mar\u00eda de Gu\u00eda de Gran Canaria)\">\n\t\t\t\t\t\t\n\t\t\t\t\t\t\t\t\t\t\t\t\t<div class=\"ha-slick-content\">\n\t\t\t\t\t\t\t\t<h2 class=\"ha-slick-title\">Playa San Felipe (Santa Mar\u00eda de Gu\u00eda de Gran Canaria)<\/h2>\t\t\t\t\t\t\t\t\t\t\t\t\t\t\t<\/div>\n\t\t\t\t\t\t\t\t\t\t\t<\/div>\n\t\t\t\t<\/div>\n\n\t\t\t\n\t\t\t\t<div class=\"ha-slick-slide slick-slide\">\n\t\t\t\t\t<div class=\"ha-slick-item\">\n\t\t\t\t\t\t\t\t\t\t\t\t\t<img decoding=\"async\" class=\"ha-slick-img\" src=\"https:\/\/costadapta.energiagrancanaria.com\/wp-content\/uploads\/2025\/06\/Diseminado-San-Felipe-28-1024x682.jpg\" alt=\"Playa San Felipe (Santa Mar\u00eda de Gu\u00eda de Gran Canaria)\">\n\t\t\t\t\t\t\n\t\t\t\t\t\t\t\t\t\t\t\t\t<div class=\"ha-slick-content\">\n\t\t\t\t\t\t\t\t<h2 class=\"ha-slick-title\">Playa San Felipe (Santa Mar\u00eda de Gu\u00eda de Gran Canaria)<\/h2>\t\t\t\t\t\t\t\t\t\t\t\t\t\t\t<\/div>\n\t\t\t\t\t\t\t\t\t\t\t<\/div>\n\t\t\t\t<\/div>\n\n\t\t\t\n\t\t\t\t<div class=\"ha-slick-slide slick-slide\">\n\t\t\t\t\t<div class=\"ha-slick-item\">\n\t\t\t\t\t\t\t\t\t\t\t\t\t<img decoding=\"async\" class=\"ha-slick-img\" src=\"https:\/\/costadapta.energiagrancanaria.com\/wp-content\/uploads\/2025\/06\/Diseminado-San-Felipe-21-1024x682.jpg\" alt=\"Playa San Felipe (Santa Mar\u00eda de Gu\u00eda de Gran Canaria)\">\n\t\t\t\t\t\t\n\t\t\t\t\t\t\t\t\t\t\t\t\t<div class=\"ha-slick-content\">\n\t\t\t\t\t\t\t\t<h2 class=\"ha-slick-title\">Playa San Felipe (Santa Mar\u00eda de Gu\u00eda de Gran Canaria)<\/h2>\t\t\t\t\t\t\t\t\t\t\t\t\t\t\t<\/div>\n\t\t\t\t\t\t\t\t\t\t\t<\/div>\n\t\t\t\t<\/div>\n\n\t\t\t\n\t\t\t\t<div class=\"ha-slick-slide slick-slide\">\n\t\t\t\t\t<div class=\"ha-slick-item\">\n\t\t\t\t\t\t\t\t\t\t\t\t\t<img decoding=\"async\" class=\"ha-slick-img\" src=\"https:\/\/costadapta.energiagrancanaria.com\/wp-content\/uploads\/2025\/06\/Diseminado-San-Felipe-16-1024x682.jpg\" alt=\"Playa San Felipe (Santa Mar\u00eda de Gu\u00eda de Gran Canaria)\">\n\t\t\t\t\t\t\n\t\t\t\t\t\t\t\t\t\t\t\t\t<div class=\"ha-slick-content\">\n\t\t\t\t\t\t\t\t<h2 class=\"ha-slick-title\">Playa San Felipe (Santa Mar\u00eda de Gu\u00eda de Gran Canaria)<\/h2>\t\t\t\t\t\t\t\t\t\t\t\t\t\t\t<\/div>\n\t\t\t\t\t\t\t\t\t\t\t<\/div>\n\t\t\t\t<\/div>\n\n\t\t\t\n\t\t<\/div>\n\n\t\t\t\t\t<button type=\"button\" class=\"slick-prev\"><svg aria-hidden=\"true\" class=\"e-font-icon-svg e-fas-chevron-left\" viewBox=\"0 0 320 512\" xmlns=\"http:\/\/www.w3.org\/2000\/svg\"><path d=\"M34.52 239.03L228.87 44.69c9.37-9.37 24.57-9.37 33.94 0l22.67 22.67c9.36 9.36 9.37 24.52.04 33.9L131.49 256l154.02 154.75c9.34 9.38 9.32 24.54-.04 33.9l-22.67 22.67c-9.37 9.37-24.57 9.37-33.94 0L34.52 272.97c-9.37-9.37-9.37-24.57 0-33.94z\"><\/path><\/svg><\/button>\n\t\t\n\t\t\t\t\t<button type=\"button\" class=\"slick-next\"><svg aria-hidden=\"true\" class=\"e-font-icon-svg e-fas-chevron-right\" viewBox=\"0 0 320 512\" xmlns=\"http:\/\/www.w3.org\/2000\/svg\"><path d=\"M285.476 272.971L91.132 467.314c-9.373 9.373-24.569 9.373-33.941 0l-22.667-22.667c-9.357-9.357-9.375-24.522-.04-33.901L188.505 256 34.484 101.255c-9.335-9.379-9.317-24.544.04-33.901l22.667-22.667c9.373-9.373 24.569-9.373 33.941 0L285.475 239.03c9.373 9.372 9.373 24.568.001 33.941z\"><\/path><\/svg><\/button>\n\t\t\n\t\t\t\t\t\t<\/div>\n\t\t\t\t<\/div>\n\t\t\t\t\t<\/div>\n\t\t\t\t<\/div>\n\t\t\t\t<\/div>\n\t\t","protected":false},"excerpt":{"rendered":"<p>Sobre COSTAdapta El objetivo principal del proyecto LIFE COSTAdapta es abordar la adaptaci\u00f3n de la costa de Gran Canaria al aumento del nivel del mar mediante una metodolog\u00eda innovadora. Con este fin, el objetivo es dise\u00f1ar y ensayar un sistema innovador y progresivo de arrecife-charcos de marea (Tidal pool-reef), que utilice, parcialmente, la t\u00e9cnica tradicional [&hellip;]<\/p>\n","protected":false},"author":1,"featured_media":0,"parent":0,"menu_order":0,"comment_status":"closed","ping_status":"closed","template":"elementor_header_footer","meta":{"_monsterinsights_skip_tracking":false,"_monsterinsights_sitenote_active":false,"_monsterinsights_sitenote_note":"","_monsterinsights_sitenote_category":0,"footnotes":""},"class_list":["post-141","page","type-page","status-publish","hentry"],"_links":{"self":[{"href":"https:\/\/costadapta.energiagrancanaria.com\/index.php?rest_route=\/wp\/v2\/pages\/141","targetHints":{"allow":["GET"]}}],"collection":[{"href":"https:\/\/costadapta.energiagrancanaria.com\/index.php?rest_route=\/wp\/v2\/pages"}],"about":[{"href":"https:\/\/costadapta.energiagrancanaria.com\/index.php?rest_route=\/wp\/v2\/types\/page"}],"author":[{"embeddable":true,"href":"https:\/\/costadapta.energiagrancanaria.com\/index.php?rest_route=\/wp\/v2\/users\/1"}],"replies":[{"embeddable":true,"href":"https:\/\/costadapta.energiagrancanaria.com\/index.php?rest_route=%2Fwp%2Fv2%2Fcomments&post=141"}],"version-history":[{"count":15,"href":"https:\/\/costadapta.energiagrancanaria.com\/index.php?rest_route=\/wp\/v2\/pages\/141\/revisions"}],"predecessor-version":[{"id":1617,"href":"https:\/\/costadapta.energiagrancanaria.com\/index.php?rest_route=\/wp\/v2\/pages\/141\/revisions\/1617"}],"wp:attachment":[{"href":"https:\/\/costadapta.energiagrancanaria.com\/index.php?rest_route=%2Fwp%2Fv2%2Fmedia&parent=141"}],"curies":[{"name":"wp","href":"https:\/\/api.w.org\/{rel}","templated":true}]}}